{"id":468,"date":"2026-02-27T18:23:48","date_gmt":"2026-02-27T18:23:48","guid":{"rendered":"https:\/\/negociacion.unison.mx\/steus\/?page_id=468"},"modified":"2026-04-16T18:09:08","modified_gmt":"2026-04-16T18:09:08","slug":"revision-salarial-y-contractual-2026","status":"publish","type":"page","link":"https:\/\/negociacion.unison.mx\/steus\/revision-salarial-y-contractual-2026\/","title":{"rendered":"Revisi\u00f3n Salarial y Contractual 2026"},"content":{"rendered":"<h3>PLIEGO PETITORIO STEUS 2026<\/h3>\n<ul class=\"palomita_am1\">\n<li><a href=\"https:\/\/negociacion.unison.mx\/steus\/wp-content\/uploads\/2026\/03\/00.-Lista-de-documentos-entregados.pdf\">Lista de documentos entregados<\/a><\/li>\n<li><a href=\"https:\/\/negociacion.unison.mx\/steus\/wp-content\/uploads\/2026\/03\/01-Solicitud-de-revision.pdf\"> Solicitud de revisi\u00f3n<\/a><\/li>\n<li><a href=\"https:\/\/negociacion.unison.mx\/steus\/wp-content\/uploads\/2026\/03\/02.-Acta-de-escrutinio-general-para-eleccion-de-Comite-Ejecutivo.pdf\">Acta de escrutinio general para elecci\u00f3n de Comit\u00e9 Ejecutivo<\/a><\/li>\n<li><a href=\"https:\/\/negociacion.unison.mx\/steus\/wp-content\/uploads\/2026\/03\/03.-Convocatoria-para-Asamblea-Plenaria.pdf\">Convocatoria para Asamblea Plenaria<\/a><\/li>\n<li><a href=\"https:\/\/negociacion.unison.mx\/steus\/wp-content\/uploads\/2026\/03\/04.-Acta-de-Asamblea-Plenaria-del-12-de-diciembre.pdf\">Acta de Asamblea Plenaria del 12 de diciembre<\/a><\/li>\n<li><a href=\"https:\/\/negociacion.unison.mx\/steus\/wp-content\/uploads\/2026\/03\/05.-Registro-de-modificacion-de-mesa-directiva-sindical.pdf\">Registro de modificaci\u00f3n de mesa directiva sindical<\/a><\/li>\n<li><a href=\"https:\/\/negociacion.unison.mx\/steus\/wp-content\/uploads\/2026\/03\/06.-Acta-de-asambvlea-general-del-14-de-enero.pdf\">Acta de asamblea general del 14 de enero<\/a><\/li>\n<li><a href=\"https:\/\/negociacion.unison.mx\/steus\/wp-content\/uploads\/2026\/03\/07.-Convocatoria-para-Asamblea-General-del-14-de-enero.pdf\">Convocatoria para Asamblea General del 14 de enero<\/a><\/li>\n<li><a href=\"https:\/\/negociacion.unison.mx\/steus\/wp-content\/uploads\/2026\/03\/08.-Copia-de-memorandum-con-Convenio-de-Revision-Contractual-2024.pdf\">Copia de memor\u00e1ndum con Convenio de Revisi\u00f3n Contractual 2024<\/a><\/li>\n<li><a href=\"https:\/\/negociacion.unison.mx\/steus\/wp-content\/uploads\/2026\/03\/09.-Copia-de-memorandum-con-Convenio-de-Revision-2025.pdf\">Copia de memor\u00e1ndum con Convenio de Revisi\u00f3n 2025<\/a><\/li>\n<li><a href=\"https:\/\/negociacion.unison.mx\/steus\/wp-content\/uploads\/2026\/03\/10.-Declaracion-de-principios-y-estatutos-STEUS.pdf\">Declaraci\u00f3n de principios y estatutos STEUS<\/a><\/li>\n<li><a href=\"https:\/\/negociacion.unison.mx\/steus\/wp-content\/uploads\/2026\/03\/11.-Contrato-Colectivo-de-Trabajo-2022-2024.pdf\">Contrato Colectivo de Trabajo 2022 &#8211; 2024<\/a><\/li>\n<li><a href=\"https:\/\/negociacion.unison.mx\/steus\/wp-content\/uploads\/2026\/03\/12.-Pliego-petitorio-2026-1.pdf\">Pliego petitorio 2026<\/a><\/li>\n<\/ul>\n<p>&nbsp;<\/p>\n<h3>INSTALACI\u00d3N DE COMISI\u00d3N NEGOCIADORA STEUS 2026<\/h3>\n<ul class=\"palomita_am1\">\n<li><a href=\"https:\/\/negociacion.unison.mx\/steus\/wp-content\/uploads\/2026\/03\/01-STEUS-0019-Integrantes-de-Comision-Negociadora.pdf\">Integrantes de Comisi\u00f3n Negociadora<\/a><\/li>\n<li><a href=\"https:\/\/negociacion.unison.mx\/steus\/wp-content\/uploads\/2026\/03\/01-B-SGAD-41-Licencias-a-Comision-Negociadora.pdf\">Licencias a Comisi\u00f3n Negociadora<\/a><\/li>\n<li><a href=\"https:\/\/negociacion.unison.mx\/steus\/wp-content\/uploads\/2026\/03\/02.-SGAD-89-Nombramientos-Comision-Negociadora-parte-institucional.pdf\">Nombramientos Comisi\u00f3n Negociadora parte institucional<\/a><\/li>\n<li><a href=\"https:\/\/negociacion.unison.mx\/steus\/wp-content\/uploads\/2026\/03\/03.-SGAD-124-Instalacion-de-mesa-de-negociaciones.pdf\">Instalaci\u00f3n de mesa de negociaciones<\/a><\/li>\n<li><a href=\"https:\/\/negociacion.unison.mx\/steus\/wp-content\/uploads\/2026\/03\/04.-SGAD-126-Invitacion-SEC-instalacion-de-mesa-de-negociaciones.pdf\">Invitaci\u00f3n SEC instalaci\u00f3n de mesa de negociaciones<\/a><\/li>\n<li><a href=\"https:\/\/negociacion.unison.mx\/steus\/wp-content\/uploads\/2026\/03\/05.-SGAD-127-Invitacion-ST-instalacion-de-mesa-de-negociaciones.pdf\">Invitaci\u00f3n ST instalaci\u00f3n de mesa de negociaciones<\/a><\/li>\n<li><a href=\"https:\/\/negociacion.unison.mx\/steus\/wp-content\/uploads\/2026\/03\/06.-SGAD-125-Invitacion-SG-instalacion-de-mesa-de-negociaciones.pdf\">Invitaci\u00f3n SG instalaci\u00f3n de mesa de negociaciones<\/a><\/li>\n<li><a href=\"https:\/\/negociacion.unison.mx\/steus\/wp-content\/uploads\/2026\/03\/07.-SGAD-143-Dias-de-trabajo-de-la-mesa-de-negociaciones.pdf\">D\u00edas de trabajo de la mesa de negociaciones<\/a><\/li>\n<\/ul>\n<p>&nbsp;<\/p>\n<h3>SEGUIMIENTO AL PROCESO 2026<\/h3>\n<table style=\"border-collapse: collapse; width: 100%; height: 1102px;\">\n<tbody>\n<tr style=\"height: 35px;\">\n<td style=\"width: 18.0914%; text-align: center; height: 35px;\"><span style=\"color: #000080;\"><strong>FECHA DE RECIBIDO<\/strong><\/span><\/td>\n<td style=\"width: 25.5527%; text-align: center; height: 35px;\"><span style=\"color: #000080;\"><strong>RECIBIDO POR<\/strong><\/span><\/td>\n<td style=\"width: 56.3559%; height: 35px; text-align: center;\"><span style=\"color: #000080;\"><strong>DOCUMENTO<\/strong><\/span><\/td>\n<\/tr>\n<tr style=\"height: 34px;\">\n<td style=\"width: 18.0914%; text-align: center; height: 34px;\">16 de abril 2026<\/td>\n<td style=\"width: 25.5527%; text-align: center; height: 34px;\">STEUS<\/td>\n<td style=\"width: 56.3559%; height: 34px;\"><a href=\"https:\/\/negociacion.unison.mx\/steus\/wp-content\/uploads\/2026\/04\/SGAD-4C.14-285-2026-AMPLIACION-DE-OFRECIMIENTOS.pdf\">Ampliaci\u00f3n de ofrecimientos a STEUS &#8211; Oficio SGAD 285<\/a><\/td>\n<\/tr>\n<tr style=\"height: 34px;\">\n<td style=\"width: 18.0914%; text-align: center; height: 34px;\">13 de abril 2026<\/td>\n<td style=\"width: 25.5527%; text-align: center; height: 34px;\">STEUS<\/td>\n<td style=\"width: 56.3559%; height: 34px;\"><a href=\"https:\/\/negociacion.unison.mx\/steus\/wp-content\/uploads\/2026\/04\/Oficio-SGAD-278-Formalizacion-de-ofrecimientos-a-STEUS-13-de-abril-2026.pdf\">Formalizaci\u00f3n de ofrecimientos a STEUS &#8211; Oficio SGAD 278<\/a><\/td>\n<\/tr>\n<tr style=\"height: 34px;\">\n<td style=\"width: 18.0914%; text-align: center; height: 34px;\">13 de abril 2026<\/td>\n<td style=\"width: 25.5527%; text-align: center; height: 34px;\">STEUS<\/td>\n<td style=\"width: 56.3559%; height: 34px;\"><a href=\"https:\/\/negociacion.unison.mx\/steus\/wp-content\/uploads\/2026\/04\/Anexo-1-a-oficio-278-Clausulas-modificadas-para-atender-rubros.pdf\">Anexo 1 a oficio SGAD 278 &#8211; Cl\u00e1usulas modificadas para atender rubros<\/a><\/td>\n<\/tr>\n<tr style=\"height: 34px;\">\n<td style=\"width: 18.0914%; text-align: center; height: 34px;\">13 de abril 2026<\/td>\n<td style=\"width: 25.5527%; text-align: center; height: 34px;\">STEUS<\/td>\n<td style=\"width: 56.3559%; height: 34px;\"><a href=\"https:\/\/negociacion.unison.mx\/steus\/wp-content\/uploads\/2026\/04\/Anexo-2-a-oficio-278-CCT-STEUS-UNISON-2024-2026-entregadas-el-13-de-abril-de-2026.pdf\">Anexo 2 a oficio SGAD 278 &#8211; CCT STEUS UNISON 2024 &#8211; 2026<\/a><\/td>\n<\/tr>\n<tr style=\"height: 23px;\">\n<td style=\"width: 18.0914%; text-align: center; height: 23px;\">13 de abril 2026<\/td>\n<td style=\"width: 25.5527%; text-align: center; height: 23px;\">STEUS<\/td>\n<td style=\"width: 56.3559%; height: 23px;\"><a href=\"https:\/\/negociacion.unison.mx\/steus\/wp-content\/uploads\/2026\/04\/Anexo-3-a-oficio-278-Respuestas-a-presuntas-violaciones-13-de-abril-respuestas-generales.pdf\">Anexo 3 a oficio SGAD 278 &#8211; Respuestas a presuntas violaciones<\/a><\/td>\n<\/tr>\n<tr style=\"height: 34px;\">\n<td style=\"width: 18.0914%; text-align: center; height: 34px;\">06 de abril 2026<\/td>\n<td style=\"width: 25.5527%; text-align: center; height: 34px;\">S.G. ADMINISTRATIVA<\/td>\n<td style=\"width: 56.3559%; height: 34px;\"><a href=\"https:\/\/negociacion.unison.mx\/steus\/wp-content\/uploads\/2026\/04\/STEUS-0214-Solicitud-de-Informacion.pdf\">Solicitud de Informaci\u00f3n<\/a><\/td>\n<\/tr>\n<tr style=\"height: 35px;\">\n<td style=\"width: 18.0914%; text-align: center; height: 35px;\">26 de marzo 2026<\/td>\n<td style=\"width: 25.5527%; text-align: center; height: 35px;\">S.G. ADMINISTRATIVA<\/td>\n<td style=\"width: 56.3559%; height: 35px;\"><a href=\"https:\/\/negociacion.unison.mx\/steus\/wp-content\/uploads\/2026\/03\/STEUS-0205-Respuesta-a-oficio-SGAD-197.pdf\">Respuesta a oficio SGAD 197<\/a><\/td>\n<\/tr>\n<tr style=\"height: 35px;\">\n<td style=\"width: 18.0914%; text-align: center; height: 35px;\">26 de marzo 2026<\/td>\n<td style=\"width: 25.5527%; text-align: center; height: 35px;\">STEUS<\/td>\n<td style=\"width: 56.3559%; height: 35px;\"><a href=\"https:\/\/negociacion.unison.mx\/steus\/wp-content\/uploads\/2026\/03\/Oficio-SGAD-264-Proyecto-de-redaccion-de-clausula-nueva.pdf\">Oficio SGAD 264 Proyecto de redacci\u00f3n de cl\u00e1usula nueva<\/a><\/td>\n<\/tr>\n<tr style=\"height: 35px;\">\n<td style=\"width: 18.0914%; text-align: center; height: 35px;\">26 de marzo 2026<\/td>\n<td style=\"width: 25.5527%; text-align: center; height: 35px;\">STEUS<\/td>\n<td style=\"width: 56.3559%; height: 35px;\"><a href=\"https:\/\/negociacion.unison.mx\/steus\/wp-content\/uploads\/2026\/03\/Oficio-SGAD-263-Proyecto-de-redacion-Clausula-80.pdf\">Oficio SGAD 263 Proyecto de redacci\u00f3n Cl\u00e1usula 80<\/a><\/td>\n<\/tr>\n<tr style=\"height: 35px;\">\n<td style=\"width: 18.0914%; text-align: center; height: 35px;\">23 de marzo 2026<\/td>\n<td style=\"width: 25.5527%; text-align: center; height: 35px;\">S.G. ADMINISTRATIVA<\/td>\n<td style=\"width: 56.3559%; height: 35px;\"><a href=\"https:\/\/negociacion.unison.mx\/steus\/wp-content\/uploads\/2026\/03\/Oficio-23-de-marzo-STEUS-Proyecto-de-redaccion-de-Clausula-80.pdf\">Proyecto de redacci\u00f3n de Cl\u00e1usula 80<\/a><\/td>\n<\/tr>\n<tr style=\"height: 35px;\">\n<td style=\"width: 18.0914%; text-align: center; height: 35px;\">23 de marzo 2026<\/td>\n<td style=\"width: 25.5527%; text-align: center; height: 35px;\">STEUS<\/td>\n<td style=\"width: 56.3559%; height: 35px;\"><a href=\"https:\/\/negociacion.unison.mx\/steus\/wp-content\/uploads\/2026\/03\/Oficio-No.-SGAD-260-Respuesta-a-oficios-188-y-189-STEUS-Solicitudes-de-calculos.pdf\">Respuesta a oficios 188 y 189 STEUS Solicitudes de c\u00e1lculos<\/a><\/td>\n<\/tr>\n<tr style=\"height: 35px;\">\n<td style=\"width: 18.0914%; text-align: center; height: 35px;\">19 de marzo 2026<\/td>\n<td style=\"width: 25.5527%; text-align: center; height: 35px;\">STEUS<\/td>\n<td style=\"width: 56.3559%; height: 35px;\"><a href=\"https:\/\/negociacion.unison.mx\/steus\/wp-content\/uploads\/2026\/03\/SGAD-228-Respuestas-a-pliego-petitorio.pdf\">Respuestas a pliego petitorio<\/a><\/td>\n<\/tr>\n<tr style=\"height: 35px;\">\n<td style=\"width: 18.0914%; text-align: center; height: 35px;\">19 de marzo 2026<\/td>\n<td style=\"width: 25.5527%; text-align: center; height: 35px;\">STEUS<\/td>\n<td style=\"width: 56.3559%; height: 35px;\"><a href=\"https:\/\/negociacion.unison.mx\/steus\/wp-content\/uploads\/2026\/03\/SGAD-227-Respuestas-a-solicitud-de-proyectos-de-modificacion-con-impacto-legal.pdf\">Respuestas a solicitud de proyectos de modificaci\u00f3n con impacto legal<\/a><\/td>\n<\/tr>\n<tr style=\"height: 35px;\">\n<td style=\"width: 18.0914%; text-align: center; height: 35px;\">19 de marzo 2026<\/td>\n<td style=\"width: 25.5527%; text-align: center; height: 35px;\">S.G. ADMINISTRATIVA<\/td>\n<td style=\"width: 56.3559%; height: 35px;\"><a href=\"https:\/\/negociacion.unison.mx\/steus\/wp-content\/uploads\/2026\/03\/Oficio-189-STEUS-Solicitud-de-desglose-y-calculo-de-porcentaje-sobre-nomina-tabular.pdf\">Solicitud de desglose y c\u00e1lculo de porcentaje sobre n\u00f3mina tabular<\/a><\/td>\n<\/tr>\n<tr style=\"height: 35px;\">\n<td style=\"width: 18.0914%; text-align: center; height: 35px;\">19 de marzo 2026<\/td>\n<td style=\"width: 25.5527%; text-align: center; height: 35px;\">S.G. ADMINISTRATIVA<\/td>\n<td style=\"width: 56.3559%; height: 35px;\"><a href=\"https:\/\/negociacion.unison.mx\/steus\/wp-content\/uploads\/2026\/03\/Oficio-188-STEUS-Solicitud-de-desglose-y-calculo-de-porcentaje-de-rezocinificacion-sobre-nomina-tabular.pdf\">Solicitud de desglose y c\u00e1lculo de porcentaje de rezonificaci\u00f3n sobre n\u00f3mina tabular<\/a><\/td>\n<\/tr>\n<tr style=\"height: 35px;\">\n<td style=\"width: 18.0914%; text-align: center; height: 35px;\">10 de marzo 2026<\/td>\n<td style=\"width: 25.5527%; text-align: center; height: 35px;\">S.G. ADMINISTRATIVA<\/td>\n<td style=\"width: 56.3559%; height: 35px;\"><a href=\"https:\/\/negociacion.unison.mx\/steus\/wp-content\/uploads\/2026\/03\/STEUS-Entrega-de-actualizacion-de-tabla-de-plazas-de-nueva-creacion-clausula-9.pdf\">Entrega de actualizaci\u00f3n de tabla de plazas de nueva creaci\u00f3n, cl\u00e1usula 9<\/a><\/td>\n<\/tr>\n<tr style=\"height: 35px;\">\n<td style=\"width: 18.0914%; text-align: center; height: 35px;\">10 de marzo 2026<\/td>\n<td style=\"width: 25.5527%; text-align: center; height: 35px;\">S.G. ADMINISTRATIVA<\/td>\n<td style=\"width: 56.3559%; height: 35px;\"><a href=\"https:\/\/negociacion.unison.mx\/steus\/wp-content\/uploads\/2026\/03\/STEUS-Situacion-de-tarjetas-de-estacionamiento.pdf\">Situaci\u00f3n de tarjetas de estacionamiento<\/a><\/td>\n<\/tr>\n<tr style=\"height: 35px;\">\n<td style=\"width: 18.0914%; text-align: center; height: 35px;\">05 de marzo 2026<\/td>\n<td style=\"width: 25.5527%; text-align: center; height: 35px;\">STEUS<\/td>\n<td style=\"width: 56.3559%; height: 35px;\"><a href=\"https:\/\/negociacion.unison.mx\/steus\/wp-content\/uploads\/2026\/03\/20.-SGA-185-STEUS-Respuesta-a-oficio-nivelacion-salarial.pdf\">Respuesta a oficio nivelaci\u00f3n salarial<\/a><\/td>\n<\/tr>\n<tr style=\"height: 35px;\">\n<td style=\"width: 18.0914%; text-align: center; height: 35px;\">05 de marzo 2026<\/td>\n<td style=\"width: 25.5527%; text-align: center; height: 35px;\">STEUS<\/td>\n<td style=\"width: 56.3559%; height: 35px;\"><a href=\"https:\/\/negociacion.unison.mx\/steus\/wp-content\/uploads\/2026\/03\/19.-SGA-181-STEUS-Respuestas-a-algunas-solictudes-de-modifacion-de-clausulas.pdf\">Respuestas a algunas solicitudes de modificaci\u00f3n de cl\u00e1usulas<\/a><\/td>\n<\/tr>\n<tr style=\"height: 35px;\">\n<td style=\"width: 18.0914%; text-align: center; height: 35px;\">05 de marzo 2026<\/td>\n<td style=\"width: 25.5527%; text-align: center; height: 35px;\">STEUS<\/td>\n<td style=\"width: 56.3559%; height: 35px;\"><a href=\"https:\/\/negociacion.unison.mx\/steus\/wp-content\/uploads\/2026\/03\/18.-SGA-149-STEUS-Informacion-para-peticiones-de-impacto-economico.pdf\">Informaci\u00f3n para peticiones de impacto econ\u00f3mico<\/a><\/td>\n<\/tr>\n<tr style=\"height: 35px;\">\n<td style=\"width: 18.0914%; height: 35px; text-align: center;\">03 de marzo 2026<\/td>\n<td style=\"width: 25.5527%; height: 35px; text-align: center;\">S.G. ADMINISTRATIVA<\/td>\n<td style=\"width: 56.3559%; height: 35px;\"><a href=\"https:\/\/negociacion.unison.mx\/steus\/wp-content\/uploads\/2026\/03\/17-STEUS-0152-Solictud-de-respuestas-a-pliego-petitorio.pdf\">Solicitud de respuestas a pliego petitorio<\/a><\/td>\n<\/tr>\n<tr style=\"height: 35px;\">\n<td style=\"width: 18.0914%; height: 35px; text-align: center;\">03 de marzo 2026<\/td>\n<td style=\"width: 25.5527%; height: 35px; text-align: center;\">S.G. ADMINISTRATIVA<\/td>\n<td style=\"width: 56.3559%; height: 35px;\"><a href=\"https:\/\/negociacion.unison.mx\/steus\/wp-content\/uploads\/2026\/03\/16-STEUS-0150-Solictud-de-informacion-incremento-salarial-y-prestaciones.pdf\">Solicitud de informaci\u00f3n incremento salarial y prestaciones<\/a><\/td>\n<\/tr>\n<tr style=\"height: 34px;\">\n<td style=\"width: 18.0914%; text-align: center; height: 34px;\">03 de marzo 2026<\/td>\n<td style=\"width: 25.5527%; text-align: center; height: 34px;\">S.G. ADMINISTRATIVA<\/td>\n<td style=\"width: 56.3559%; height: 34px;\"><a href=\"https:\/\/negociacion.unison.mx\/steus\/wp-content\/uploads\/2026\/03\/STEUS-Solicitud-de-integracion-de-horas-extras-de-choferes.pdf\">Solicitud de integraci\u00f3n de horas extras de choferes<\/a><\/td>\n<\/tr>\n<tr style=\"height: 35px;\">\n<td style=\"width: 18.0914%; height: 35px; text-align: center;\">03 de marzo 2026<\/td>\n<td style=\"width: 25.5527%; height: 35px; text-align: center;\">ISSSTESON<\/td>\n<td style=\"width: 56.3559%; height: 35px;\"><a href=\"https:\/\/negociacion.unison.mx\/steus\/wp-content\/uploads\/2026\/03\/15.-SGAD-174-Solicitud-a-ISSSTESON-para-modificacion-de-Convenio-STEUS.pdf\">Solicitud a ISSSTESON para modificaci\u00f3n de Convenio STEUS<\/a><\/td>\n<\/tr>\n<tr style=\"height: 35px;\">\n<td style=\"width: 18.0914%; height: 35px; text-align: center;\">02 de marzo 2026<\/td>\n<td style=\"width: 25.5527%; height: 35px; text-align: center;\">STEUS<\/td>\n<td style=\"width: 56.3559%; height: 35px;\"><a href=\"https:\/\/negociacion.unison.mx\/steus\/wp-content\/uploads\/2026\/03\/14.-SGAD-158-Nombres-de-integrantes-de-Subcomision-aspectos-legales.pdf\">Nombres de integrantes de Subcomisi\u00f3n aspectos legales<\/a><\/td>\n<\/tr>\n<tr style=\"height: 35px;\">\n<td style=\"width: 18.0914%; height: 35px; text-align: center;\">02 de marzo 2026<\/td>\n<td style=\"width: 25.5527%; height: 35px; text-align: center;\">STEUS<\/td>\n<td style=\"width: 56.3559%; height: 35px;\"><a href=\"https:\/\/negociacion.unison.mx\/steus\/wp-content\/uploads\/2026\/03\/13.-SGAD-157-Nombres-de-Integrantes-de-Subcomision-presuntas-violaciones.pdf\">Nombres de Integrantes de Subcomisi\u00f3n presuntas violaciones<\/a><\/td>\n<\/tr>\n<tr style=\"height: 35px;\">\n<td style=\"width: 18.0914%; height: 35px; text-align: center;\">02 de marzo 2026<\/td>\n<td style=\"width: 25.5527%; height: 35px; text-align: center;\">STEUS<\/td>\n<td style=\"width: 56.3559%; height: 35px;\"><a href=\"https:\/\/negociacion.unison.mx\/steus\/wp-content\/uploads\/2026\/03\/12.-SGAD-172-Oficio-con-enlace-a-Convenio-Marco.pdf\">Oficio con enlace a Convenio Marco<\/a><\/td>\n<\/tr>\n<tr style=\"height: 35px;\">\n<td style=\"width: 18.0914%; height: 35px; text-align: center;\">02 de marzo 2026<\/td>\n<td style=\"width: 25.5527%; height: 35px; text-align: center;\">STEUS<\/td>\n<td style=\"width: 56.3559%; height: 35px;\"><a href=\"https:\/\/negociacion.unison.mx\/steus\/wp-content\/uploads\/2026\/03\/11.-SGAD-175-Compromiso-para-entrega-de-informacion-costo-de-nomina.pdf\">Compromiso para entrega de informaci\u00f3n costo de n\u00f3mina<\/a><\/td>\n<\/tr>\n<tr style=\"height: 35px;\">\n<td style=\"width: 18.0914%; height: 35px; text-align: center;\">02 de marzo 2026<\/td>\n<td style=\"width: 25.5527%; height: 35px; text-align: center;\">STEUS<\/td>\n<td style=\"width: 56.3559%; height: 35px;\"><a href=\"https:\/\/negociacion.unison.mx\/steus\/wp-content\/uploads\/2026\/03\/10.-SGAD-173-Entrega-de-copia-de-oficio-gestion-ISSSTESON.pdf\">Entrega de copia de oficio gesti\u00f3n ISSSTESON<\/a><\/td>\n<\/tr>\n<tr style=\"height: 35px;\">\n<td style=\"width: 18.0914%; height: 35px; text-align: center;\">24 de febrero 2026<\/td>\n<td style=\"width: 25.5527%; height: 35px; text-align: center;\">RECTOR\u00cdA Y S.G. ADMINISTRATIVA<\/td>\n<td style=\"width: 56.3559%; height: 35px;\"><a href=\"https:\/\/negociacion.unison.mx\/steus\/wp-content\/uploads\/2026\/03\/09.-STEUS-134-Solicitud-de-homologacion-y-ajustes-salariales.pdf\">Solicitud de homologaci\u00f3n y ajustes salariales<\/a><\/td>\n<\/tr>\n<tr style=\"height: 35px;\">\n<td style=\"width: 18.0914%; height: 35px; text-align: center;\">23 de febrero 2026<\/td>\n<td style=\"width: 25.5527%; height: 35px; text-align: center;\">STEUS<\/td>\n<td style=\"width: 56.3559%; height: 35px;\"><a href=\"https:\/\/negociacion.unison.mx\/steus\/wp-content\/uploads\/2026\/03\/08.-SGAD-149-Entrega-de-politica-salarial-2026.pdf\">Entrega de pol\u00edtica salarial 2026<\/a><\/td>\n<\/tr>\n<\/tbody>\n<\/table>\n<p>&nbsp;<\/p>\n<h3>EMPLAZAMIENTO STEUS 2026<\/h3>\n<table style=\"border-collapse: collapse; width: 100%; height: 175px;\">\n<tbody>\n<tr style=\"height: 35px;\">\n<td style=\"width: 18.2264%; text-align: center; height: 35px;\"><span style=\"color: #000080;\"><strong>FECHA DE RECIBIDO<\/strong><\/span><\/td>\n<td style=\"width: 25.4483%; text-align: center; height: 35px;\"><span style=\"color: #000080;\"><strong>RECIBIDO POR<\/strong><\/span><\/td>\n<td style=\"width: 56.3252%; text-align: center; height: 35px;\"><span style=\"color: #000080;\"><strong>DOCUMENTO<\/strong><\/span><\/td>\n<\/tr>\n<tr style=\"height: 35px;\">\n<td style=\"width: 18.2264%; height: 35px; text-align: center;\">17 de marzo 2026<\/td>\n<td style=\"width: 25.4483%; height: 35px; text-align: center;\">RECTOR\u00cdA<\/td>\n<td style=\"width: 56.3252%; height: 35px;\"><a href=\"https:\/\/negociacion.unison.mx\/steus\/wp-content\/uploads\/2026\/03\/01.-Emplazamiento-STEUS.pdf\">Emplazamiento STEUS<\/a><\/td>\n<\/tr>\n<tr style=\"height: 35px;\">\n<td style=\"width: 18.2264%; height: 35px; text-align: center;\">17 de marzo 2026<\/td>\n<td style=\"width: 25.4483%; height: 35px; text-align: center;\">RECTOR\u00cdA<\/td>\n<td style=\"width: 56.3252%; height: 35px;\"><a href=\"https:\/\/negociacion.unison.mx\/steus\/wp-content\/uploads\/2026\/03\/02.-Evidencias-de-clausulas-violadas-parte-1.pdf\">Evidencias de cl\u00e1usulas violadas parte 1<\/a><\/td>\n<\/tr>\n<tr style=\"height: 35px;\">\n<td style=\"width: 18.2264%; height: 35px; text-align: center;\">17 de marzo 2026<\/td>\n<td style=\"width: 25.4483%; height: 35px; text-align: center;\"><\/td>\n<td style=\"width: 56.3252%; height: 35px;\"><a href=\"https:\/\/negociacion.unison.mx\/steus\/wp-content\/uploads\/2026\/03\/02.-Evidencias-de-clausulas-violadas-parte-2.pdf\">Evidencias de cl\u00e1usulas violadas parte 2<\/a><\/td>\n<\/tr>\n<tr style=\"height: 35px;\">\n<td style=\"width: 18.2264%; height: 35px; text-align: center;\">17 de marzo 2026<\/td>\n<td style=\"width: 25.4483%; height: 35px; text-align: center;\">RECTOR\u00cdA<\/td>\n<td style=\"width: 56.3252%; height: 35px;\"><a href=\"https:\/\/negociacion.unison.mx\/steus\/wp-content\/uploads\/2026\/03\/03.-Ampliacion-del-pliego-de-peticiones-y-violaciones.pdf\">Ampliaci\u00f3n del pliego de peticiones y violaciones<\/a><\/td>\n<\/tr>\n<\/tbody>\n<\/table>\n<p>&nbsp;<\/p>\n<h3>MINUTA DE ACUERDOS DE LA MESA DE NEGOCIACI\u00d3N 2026<\/h3>\n<table style=\"border-collapse: collapse; width: 100%; height: 70px;\">\n<tbody>\n<tr style=\"height: 35px;\">\n<td style=\"width: 50%; text-align: center; height: 35px;\"><strong>FECHA DE LA REUN\u00d3N<\/strong><\/td>\n<td style=\"width: 50%; text-align: center; height: 35px;\"><strong>DOCUMENTO<\/strong><\/td>\n<\/tr>\n<tr style=\"height: 35px;\">\n<td style=\"width: 50%; height: 35px; text-align: center;\">09 de abril 2026<\/td>\n<td style=\"width: 50%; height: 35px; text-align: center;\"><a href=\"https:\/\/negociacion.unison.mx\/steus\/wp-content\/uploads\/2026\/04\/Minuta-de-acuerdos-reunion-9-de-abril-2026.pdf\">Minuta<\/a><\/td>\n<\/tr>\n<\/tbody>\n<\/table>\n","protected":false},"excerpt":{"rendered":"PLIEGO PETITORIO STEUS 2026 Lista de documentos entregados Solicitud de revisi\u00f3n Acta de escrutinio general para elecci\u00f3n de Comit\u00e9 Ejecutivo Convocatoria para Asamblea \n<a class=\"moretag\" href=\"https:\/\/negociacion.unison.mx\/steus\/revision-salarial-y-contractual-2026\/\"> [...]<\/a>","protected":false},"author":1,"featured_media":0,"parent":0,"menu_order":0,"comment_status":"closed","ping_status":"closed","template":"","meta":{"_links_to":"","_links_to_target":""},"_links":{"self":[{"href":"https:\/\/negociacion.unison.mx\/steus\/wp-json\/wp\/v2\/pages\/468"}],"collection":[{"href":"https:\/\/negociacion.unison.mx\/steus\/wp-json\/wp\/v2\/pages"}],"about":[{"href":"https:\/\/negociacion.unison.mx\/steus\/wp-json\/wp\/v2\/types\/page"}],"author":[{"embeddable":true,"href":"https:\/\/negociacion.unison.mx\/steus\/wp-json\/wp\/v2\/users\/1"}],"replies":[{"embeddable":true,"href":"https:\/\/negociacion.unison.mx\/steus\/wp-json\/wp\/v2\/comments?post=468"}],"version-history":[{"count":5,"href":"https:\/\/negociacion.unison.mx\/steus\/wp-json\/wp\/v2\/pages\/468\/revisions"}],"predecessor-version":[{"id":576,"href":"https:\/\/negociacion.unison.mx\/steus\/wp-json\/wp\/v2\/pages\/468\/revisions\/576"}],"wp:attachment":[{"href":"https:\/\/negociacion.unison.mx\/steus\/wp-json\/wp\/v2\/media?parent=468"}],"curies":[{"name":"wp","href":"https:\/\/api.w.org\/{rel}","templated":true}]}}